{"id":30,"date":"2023-06-22T13:35:39","date_gmt":"2023-06-22T13:35:39","guid":{"rendered":"https:\/\/lokalnachrichten.ch.80-74-153-240.tajo.host.ch\/?page_id=30"},"modified":"2026-04-15T07:33:31","modified_gmt":"2026-04-15T07:33:31","slug":"home","status":"publish","type":"page","link":"https:\/\/lokalnachrichten.ch\/","title":{"rendered":"Home"},"content":{"rendered":"\n<div class=\"wp-block-cover row_xxl\" style=\"min-height:430px\"><span aria-hidden=\"true\" class=\"wp-block-cover__background has-background-dim\"><\/span><img decoding=\"async\" loading=\"lazy\" width=\"2560\" height=\"1782\" class=\"wp-block-cover__image-background wp-image-270\" alt=\"\" src=\"https:\/\/lokalnachrichten.ch\/wp-content\/uploads\/2023\/08\/Wappen-scaled.jpeg\" data-object-fit=\"cover\" srcset=\"https:\/\/lokalnachrichten.ch\/wp-content\/uploads\/2023\/08\/Wappen-scaled.jpeg 2560w, https:\/\/lokalnachrichten.ch\/wp-content\/uploads\/2023\/08\/Wappen-300x209.jpeg 300w, https:\/\/lokalnachrichten.ch\/wp-content\/uploads\/2023\/08\/Wappen-1024x713.jpeg 1024w, https:\/\/lokalnachrichten.ch\/wp-content\/uploads\/2023\/08\/Wappen-768x535.jpeg 768w, https:\/\/lokalnachrichten.ch\/wp-content\/uploads\/2023\/08\/Wappen-1536x1069.jpeg 1536w, https:\/\/lokalnachrichten.ch\/wp-content\/uploads\/2023\/08\/Wappen-2048x1426.jpeg 2048w\" sizes=\"(max-width: 2560px) 100vw, 2560px\" \/><div class=\"wp-block-cover__inner-container is-layout-constrained wp-block-cover-is-layout-constrained\">\n<p class=\"has-text-align-right has-color-62-color has-text-color\" style=\"font-size:45px\"><strong>Woche f\u00fcr Woche<\/strong><\/p>\n\n\n\n<p class=\"has-text-align-right has-color-62-color has-text-color gs_N9sQ8s\" style=\"font-size:45px\"><strong>gut informiert<\/strong>&#8230;<\/p>\n<\/div><\/div>\n\n\n<div  class=\"spacer_wrap \" aria-hidden=\"true\"><div class=\"wp-block-spacer inner-sm\" style=\"height:calc(104px * 0.4)\" aria-hidden=\"true\"><\/div><div class=\"wp-block-spacer inner-md\" style=\"height:calc(104px * 0.6)\" aria-hidden=\"true\"><\/div><div class=\"wp-block-spacer inner-lg\" style=\"height:calc(104px * 0.8)\" aria-hidden=\"true\"><\/div><div class=\"wp-block-spacer inner-xl\" style=\"height:104px\" aria-hidden=\"true\"><\/div><\/div>\n\n\n<h2 class=\"row_xxl wp-block-heading\">Aktuelles<\/h2>\n\n\n<div  class=\"row_wrap\">\n<div class=\"wp-block-columns row_xxl is-layout-flex wp-container-17 wp-block-columns-is-layout-flex\">\n<div class=\"wp-block-column col-12 is-layout-flow wp-block-column-is-layout-flow\">\n<div style=\"height:0px\" aria-hidden=\"true\" class=\"wp-block-spacer\"><\/div>\n\n\n<div  class=\"row_wrap\">\n<div class=\"wp-block-columns row_xxl is-layout-flex wp-container-6 wp-block-columns-is-layout-flex\">\n<div class=\"wp-block-column col-12 col-sm-auto col-lg-11 is-layout-flow wp-block-column-is-layout-flow\"><div  class=\"gs_rNJgpd row_wrap  has-background\"><div id='bg_69e368d15fef5' class='greyd-background bg_full'>\n\t\t\t\t\t\t\t\t<div class='bg_color'><\/div>\n\t\t\t\t\t\t\t\t\n\t\t\t\t\t\t\t\t\n\t\t\t\t\t\t\t\t\n\t\t\t\t\t\t\t<\/div>\n<div class=\"wp-block-columns row_xxl has-background is-layout-flex wp-container-4 wp-block-columns-is-layout-flex\" style=\"background-color:#cbced96e;margin-top:var(--wp--preset--spacing--30);margin-bottom:var(--wp--preset--spacing--30)\">\n<div class=\"wp-block-column col-sm-auto col-lg-4 offset-lg-0 is-layout-flow wp-block-column-is-layout-flow\" style=\"padding-top:0;padding-right:var(--wp--preset--spacing--40);padding-bottom:0;padding-left:var(--wp--preset--spacing--40)\">\n<figure class=\"wp-block-image size-large is-style-default gs_8b19LJ\"><img decoding=\"async\" loading=\"lazy\" width=\"1024\" height=\"740\" src=\"https:\/\/lokalnachrichten.ch\/wp-content\/uploads\/2026\/04\/St_onl-1024x740.png\" alt=\"\" class=\"wp-image-1878\" srcset=\"https:\/\/lokalnachrichten.ch\/wp-content\/uploads\/2026\/04\/St_onl-1024x740.png 1024w, https:\/\/lokalnachrichten.ch\/wp-content\/uploads\/2026\/04\/St_onl-300x217.png 300w, https:\/\/lokalnachrichten.ch\/wp-content\/uploads\/2026\/04\/St_onl-768x555.png 768w, https:\/\/lokalnachrichten.ch\/wp-content\/uploads\/2026\/04\/St_onl-1536x1110.png 1536w, https:\/\/lokalnachrichten.ch\/wp-content\/uploads\/2026\/04\/St_onl.png 1904w\" sizes=\"(max-width: 1024px) 100vw, 1024px\" \/><figcaption class=\"wp-element-caption\">Der Verkaufsstand vor dem Bachh\u00fcsli in Allmendingen, wo es sich auch verweilen l\u00e4sst. Bild: dkp<\/figcaption><\/figure>\n<\/div>\n\n\n\n<div class=\"wp-block-column col-12 col-sm-auto col-lg-7 is-layout-flow wp-block-column-is-layout-flow\">\n<h6 class=\"has-color-31-color has-text-color wp-block-heading gs_hgkyIZ\" style=\"padding-top:0;padding-right:0;padding-bottom:0;padding-left:0\">Portr\u00e4t Ueli Stalder<\/h6>\n\n\n\n<h3 class=\"has-color-31-color has-text-color wp-block-heading gs_w8eCtM\" style=\"padding-top:var(--wp--preset--spacing--20)\">\u00abBrotmomente\u00bb in Vorderm\u00e4rchligen<\/h3>\n\n\n\n<p>Ueli Stalder hat ein langes Berufsleben als B\u00e4cker-Konditor hinter sich \u2013 heute will er dem Brot seine Seele zur\u00fcckgeben. Nat\u00fcrliches, handwerklich hergestelltes Brot liegt im Trend. Stalder, l\u00e4ngst im Ruhestand aber noch voller Energie und neugierig, ist auf den Zug aufgesprungen und stellt seit mehreren Jahren an bestimmten Backtagen im \u00abBachh\u00fcsli\u00bb in M\u00e4rchligen Brot her, das vorwiegend mit Teig aus gesundem Urdinkelmehl gebacken wird.\u00a0<\/p>\n\n\n\n<p>Lesen Sie das ganze Portr\u00e4t in der Printausgabe oder dem PDF (ab Mittwoch Abend) der aktuellen LoNa.<\/p>\n\n\n\n<p><\/p>\n\n\n\n<p><br><\/p>\n\n\n\n<p><strong> <\/strong><\/p>\n\n\n\n<p><\/p>\n\n\n\n<p class=\"has-color-31-color has-text-color gs_xzA8Rv\"><\/p>\n\n\n\n<p><\/p>\n<\/div>\n<\/div>\n<\/div><\/div>\n<\/div>\n<\/div>\n\n<div  class=\"spacer_wrap row_xxl\" aria-hidden=\"true\"><div class=\"wp-block-spacer inner-sm\" style=\"height:calc(72px * 0.4)\" aria-hidden=\"true\"><\/div><div class=\"wp-block-spacer inner-md\" style=\"height:calc(72px * 0.6)\" aria-hidden=\"true\"><\/div><div class=\"wp-block-spacer inner-lg\" style=\"height:calc(72px * 0.8)\" aria-hidden=\"true\"><\/div><div class=\"wp-block-spacer inner-xl\" style=\"height:72px\" aria-hidden=\"true\"><\/div><\/div>\n\n<div  class=\"row_wrap\">\n<div class=\"wp-block-columns row_xxl reverse-mobile is-layout-flex wp-container-13 wp-block-columns-is-layout-flex\">\n<div class=\"wp-block-column col-12 col-sm-7 col-md-8 col-lg-6 is-layout-flow wp-block-column-is-layout-flow\" style=\"padding-top:0;padding-right:0;padding-bottom:0;padding-left:0\">\n<h2 class=\"wp-block-heading\">Wer sind wir?<\/h2>\n\n\n\n<p class=\"has-color-61-color has-text-color\">Die \u00abLokal-Nachrichten\u00bb f\u00fcr Muri-G\u00fcmligen und Allmendingen erscheinen seit 1926 im Verteilgebiet der beiden Gemeinden.<\/p>\n\n\n\n<p class=\"has-color-61-color has-text-color\">W\u00f6chentlich informiert die Redaktion der \u00abLoNa\u00bb ihre Leserinnen und Leser mit einer unabh\u00e4ngigen Berichterstattung zu Themen aus Politik, Kultur, Sport oder Wirtschaft. Dazu werden spannende Pers\u00f6nlichkeiten aus der Gemeinde portr\u00e4tiert.<\/p>\n\n\n\n<p class=\"has-color-61-color has-text-color\">\u00dcber die Lokalnachrichten wird die Bev\u00f6lkerung mit amtlichen Publikationen der politischen Gemeinde, der Kirchgemeinde und mit Partei- und Vereinsinformationen auf dem Laufenden gehalten.<\/p>\n\n\n\n<p class=\"has-color-61-color has-text-color\">Die etablierte Zeitung in der attraktiven Umgebung von Muri, G\u00fcmligen und Allmendingen ist auch f\u00fcr Werbung und Publireportagen beliebt. Melden Sie sich bei uns (hier ein Link), wir geben Ihnen gerne \u00fcber die verschiedenen M\u00f6glichkeiten Auskunft!<\/p>\n\n\n\n<p class=\"has-color-61-color has-text-color\">Die Lokalnachrichten erscheinen 1 Mal pro Woche am Donnerstag, allenfalls Freitag in einer Auflage von 8\u2019000 Exemplaren.<\/p>\n<\/div>\n\n\n\n<div class=\"wp-block-column col-12 col-sm-auto col-lg-2 is-layout-flow wp-block-column-is-layout-flow\"><\/div>\n\n\n\n<div class=\"wp-block-column is-vertically-aligned-center col-12 col-sm-4 col-lg-3 has-color-21-background-color has-background is-layout-flow wp-block-column-is-layout-flow\" style=\"padding-top:var(--wp--preset--spacing--40);padding-right:var(--wp--preset--spacing--40);padding-bottom:var(--wp--preset--spacing--40);padding-left:var(--wp--preset--spacing--40)\">\n<h5 class=\"has-text-align-center has-color-62-color has-text-color wp-block-heading gs_yQRntc\">Lesen Sie die aktuellste Ausgabe der Lokal-Nachrichten als E-Paper:<\/h5>\n\n\n<div class=\"wp-block-image row_xxl\">\n<figure class=\"aligncenter size-full is-resized\"><img decoding=\"async\" loading=\"lazy\" src=\"https:\/\/lokalnachrichten.ch\/wp-content\/uploads\/2023\/06\/image-2-1.png\" alt=\"\" class=\"wp-image-58\" width=\"209\" height=\"281\" srcset=\"https:\/\/lokalnachrichten.ch\/wp-content\/uploads\/2023\/06\/image-2-1.png 690w, https:\/\/lokalnachrichten.ch\/wp-content\/uploads\/2023\/06\/image-2-1-223x300.png 223w\" sizes=\"(max-width: 209px) 100vw, 209px\" \/><\/figure><\/div>\n\n<div  class=\"row_wrap\">\n<div class=\"wp-block-columns row_xxl is-layout-flex wp-container-11 wp-block-columns-is-layout-flex\">\n<div class=\"wp-block-column col-12 col-sm-auto is-layout-flow wp-block-column-is-layout-flow\">\n<div class=\"wp-block-buttons is-content-justification-center is-layout-flex wp-container-9 wp-block-buttons-is-layout-flex\" style=\"margin-top:var(--wp--preset--spacing--40);margin-bottom:0\">\n<div id=\"greyd-69e368d1608c1\" class=\"wp-block-button has-custom-width wp-block-button__width-100\"><a class=\"wp-block-button__link has-color-62-background-color has-background wp-element-button\" href=\"https:\/\/lokalnachrichten.ch\/wp-content\/uploads\/2026\/04\/Lona_16_16.April_.pdf\" style=\"border-radius:17px;padding-top:var(--wp--preset--spacing--30);padding-right:var(--wp--preset--spacing--30);padding-bottom:var(--wp--preset--spacing--30);padding-left:var(--wp--preset--spacing--30)\">E-Paper lesen&#8230;<\/a><\/div>\n<\/div>\n<\/div>\n<\/div>\n<\/div><\/div>\n<\/div>\n<\/div>\n\n<div  class=\"gs_7dsM99 row_wrap\">\n<div class=\"wp-block-columns row_xxxl is-layout-flex wp-container-15 wp-block-columns-is-layout-flex\">\n<div class=\"wp-block-column col-12 col-sm-auto col-lg-2 is-layout-flow wp-block-column-is-layout-flow\" style=\"padding-top:var(--wp--preset--spacing--40);padding-right:var(--wp--preset--spacing--40);padding-bottom:var(--wp--preset--spacing--40);padding-left:var(--wp--preset--spacing--40);flex-basis:2px\"><div  class=\"spacer_wrap \" aria-hidden=\"true\"><div class=\"wp-block-spacer inner-sm\" style=\"height:calc(74px * 0.4)\" aria-hidden=\"true\"><\/div><div class=\"wp-block-spacer inner-md\" style=\"height:calc(74px * 0.6)\" aria-hidden=\"true\"><\/div><div class=\"wp-block-spacer inner-lg\" style=\"height:calc(74px * 0.8)\" aria-hidden=\"true\"><\/div><div class=\"wp-block-spacer inner-xl\" style=\"height:calc(74px * 1.01)\" aria-hidden=\"true\"><\/div><\/div><\/div>\n<\/div>\n<\/div>\n\n<div  class=\"spacer_wrap \" aria-hidden=\"true\"><div class=\"wp-block-spacer inner-sm\" style=\"height:calc(100px * 0.5)\" aria-hidden=\"true\"><\/div><div class=\"wp-block-spacer inner-md\" style=\"height:calc(100px * 0.6)\" aria-hidden=\"true\"><\/div><div class=\"wp-block-spacer inner-lg\" style=\"height:calc(100px * 0.8)\" aria-hidden=\"true\"><\/div><div class=\"wp-block-spacer inner-xl\" style=\"height:100px\" aria-hidden=\"true\"><\/div><\/div><\/div>\n<\/div>\n<\/div>","protected":false},"excerpt":{"rendered":"<p>Aktuelles Portr\u00e4t Ueli Stalder \u00abBrotmomente\u00bb in Vorderm\u00e4rchligen Ueli Stalder hat ein langes Berufsleben als B\u00e4cker-Konditor hinter sich \u2013 heute will er dem Brot seine Seele zur\u00fcckgeben. Nat\u00fcrliches, handwerklich hergestelltes Brot liegt im Trend. Stalder, l\u00e4ngst im Ruhestand aber noch voller Energie und neugierig, ist auf den Zug aufgesprungen und stellt seit mehreren Jahren an bestimmten [&hellip;]<\/p>\n","protected":false},"author":1,"featured_media":0,"parent":0,"menu_order":-1,"comment_status":"closed","ping_status":"closed","template":"","meta":{"_eb_attr":"","greyd_block_editor_preview":[]},"yoast_head":"<!-- This site is optimized with the Yoast SEO plugin v21.7 - https:\/\/yoast.com\/wordpress\/plugins\/seo\/ -->\n<title>Home - Lokal Nachrichten<\/title>\n<meta name=\"description\" content=\"\u2026\u00fcber Lokal-Politik, Vereinsgeschehen, Sport aus der Region, Firmennachrichten, Veranstaltungen sowie Mitteilungen der Gemeindeverwaltung Muri b. Bern und der Kirchgemeindeverwaltung Muri-G\u00fcmligen.\" \/>\n<meta name=\"robots\" content=\"index, follow, max-snippet:-1, max-image-preview:large, max-video-preview:-1\" \/>\n<link rel=\"canonical\" href=\"https:\/\/lokalnachrichten.ch\/\" \/>\n<meta property=\"og:locale\" content=\"de_DE\" \/>\n<meta property=\"og:type\" content=\"article\" \/>\n<meta property=\"og:title\" content=\"Home - Lokal Nachrichten\" \/>\n<meta property=\"og:description\" content=\"\u2026\u00fcber Lokal-Politik, Vereinsgeschehen, Sport aus der Region, Firmennachrichten, Veranstaltungen sowie Mitteilungen der Gemeindeverwaltung Muri b. Bern und der Kirchgemeindeverwaltung Muri-G\u00fcmligen.\" \/>\n<meta property=\"og:url\" content=\"https:\/\/lokalnachrichten.ch\/\" \/>\n<meta property=\"og:site_name\" content=\"Lokal Nachrichten\" \/>\n<meta property=\"article:modified_time\" content=\"2026-04-15T07:33:31+00:00\" \/>\n<meta property=\"og:image\" content=\"https:\/\/lokalnachrichten.ch\/wp-content\/uploads\/2023\/08\/Wappen-scaled.jpeg\" \/>\n<meta name=\"twitter:card\" content=\"summary_large_image\" \/>\n<meta name=\"twitter:label1\" content=\"Gesch\u00e4tzte Lesezeit\" \/>\n\t<meta name=\"twitter:data1\" content=\"2\u00a0Minuten\" \/>\n<script type=\"application\/ld+json\" class=\"yoast-schema-graph\">{\"@context\":\"https:\/\/schema.org\",\"@graph\":[{\"@type\":\"WebPage\",\"@id\":\"https:\/\/lokalnachrichten.ch\/\",\"url\":\"https:\/\/lokalnachrichten.ch\/\",\"name\":\"Home - Lokal Nachrichten\",\"isPartOf\":{\"@id\":\"https:\/\/lokalnachrichten.ch\/#website\"},\"datePublished\":\"2023-06-22T13:35:39+00:00\",\"dateModified\":\"2026-04-15T07:33:31+00:00\",\"description\":\"\u2026\u00fcber Lokal-Politik, Vereinsgeschehen, Sport aus der Region, Firmennachrichten, Veranstaltungen sowie Mitteilungen der Gemeindeverwaltung Muri b. Bern und der Kirchgemeindeverwaltung Muri-G\u00fcmligen.\",\"breadcrumb\":{\"@id\":\"https:\/\/lokalnachrichten.ch\/#breadcrumb\"},\"inLanguage\":\"de\",\"potentialAction\":[{\"@type\":\"ReadAction\",\"target\":[\"https:\/\/lokalnachrichten.ch\/\"]}]},{\"@type\":\"BreadcrumbList\",\"@id\":\"https:\/\/lokalnachrichten.ch\/#breadcrumb\",\"itemListElement\":[{\"@type\":\"ListItem\",\"position\":1,\"name\":\"Startseite\",\"item\":\"https:\/\/lokalnachrichten.ch\/\"},{\"@type\":\"ListItem\",\"position\":2,\"name\":\"Home\"}]},{\"@type\":\"WebSite\",\"@id\":\"https:\/\/lokalnachrichten.ch\/#website\",\"url\":\"https:\/\/lokalnachrichten.ch\/\",\"name\":\"Lokal Nachrichten\",\"description\":\"\",\"publisher\":{\"@id\":\"https:\/\/lokalnachrichten.ch\/#organization\"},\"potentialAction\":[{\"@type\":\"SearchAction\",\"target\":{\"@type\":\"EntryPoint\",\"urlTemplate\":\"https:\/\/lokalnachrichten.ch\/?s={search_term_string}\"},\"query-input\":\"required name=search_term_string\"}],\"inLanguage\":\"de\"},{\"@type\":\"Organization\",\"@id\":\"https:\/\/lokalnachrichten.ch\/#organization\",\"name\":\"Lokal Nachrichten\",\"url\":\"https:\/\/lokalnachrichten.ch\/\",\"logo\":{\"@type\":\"ImageObject\",\"inLanguage\":\"de\",\"@id\":\"https:\/\/lokalnachrichten.ch\/#\/schema\/logo\/image\/\",\"url\":\"https:\/\/lokalnachrichten.ch\/wp-content\/uploads\/2023\/08\/cropped-Zeitungstitel_aktuell_rgb-scaled-1.jpg\",\"contentUrl\":\"https:\/\/lokalnachrichten.ch\/wp-content\/uploads\/2023\/08\/cropped-Zeitungstitel_aktuell_rgb-scaled-1.jpg\",\"width\":2560,\"height\":544,\"caption\":\"Lokal Nachrichten\"},\"image\":{\"@id\":\"https:\/\/lokalnachrichten.ch\/#\/schema\/logo\/image\/\"}}]}<\/script>\n<!-- \/ Yoast SEO plugin. -->","yoast_head_json":{"title":"Home - Lokal Nachrichten","description":"\u2026\u00fcber Lokal-Politik, Vereinsgeschehen, Sport aus der Region, Firmennachrichten, Veranstaltungen sowie Mitteilungen der Gemeindeverwaltung Muri b. Bern und der Kirchgemeindeverwaltung Muri-G\u00fcmligen.","robots":{"index":"index","follow":"follow","max-snippet":"max-snippet:-1","max-image-preview":"max-image-preview:large","max-video-preview":"max-video-preview:-1"},"canonical":"https:\/\/lokalnachrichten.ch\/","og_locale":"de_DE","og_type":"article","og_title":"Home - Lokal Nachrichten","og_description":"\u2026\u00fcber Lokal-Politik, Vereinsgeschehen, Sport aus der Region, Firmennachrichten, Veranstaltungen sowie Mitteilungen der Gemeindeverwaltung Muri b. Bern und der Kirchgemeindeverwaltung Muri-G\u00fcmligen.","og_url":"https:\/\/lokalnachrichten.ch\/","og_site_name":"Lokal Nachrichten","article_modified_time":"2026-04-15T07:33:31+00:00","og_image":[{"url":"https:\/\/lokalnachrichten.ch\/wp-content\/uploads\/2023\/08\/Wappen-scaled.jpeg"}],"twitter_card":"summary_large_image","twitter_misc":{"Gesch\u00e4tzte Lesezeit":"2\u00a0Minuten"},"schema":{"@context":"https:\/\/schema.org","@graph":[{"@type":"WebPage","@id":"https:\/\/lokalnachrichten.ch\/","url":"https:\/\/lokalnachrichten.ch\/","name":"Home - Lokal Nachrichten","isPartOf":{"@id":"https:\/\/lokalnachrichten.ch\/#website"},"datePublished":"2023-06-22T13:35:39+00:00","dateModified":"2026-04-15T07:33:31+00:00","description":"\u2026\u00fcber Lokal-Politik, Vereinsgeschehen, Sport aus der Region, Firmennachrichten, Veranstaltungen sowie Mitteilungen der Gemeindeverwaltung Muri b. Bern und der Kirchgemeindeverwaltung Muri-G\u00fcmligen.","breadcrumb":{"@id":"https:\/\/lokalnachrichten.ch\/#breadcrumb"},"inLanguage":"de","potentialAction":[{"@type":"ReadAction","target":["https:\/\/lokalnachrichten.ch\/"]}]},{"@type":"BreadcrumbList","@id":"https:\/\/lokalnachrichten.ch\/#breadcrumb","itemListElement":[{"@type":"ListItem","position":1,"name":"Startseite","item":"https:\/\/lokalnachrichten.ch\/"},{"@type":"ListItem","position":2,"name":"Home"}]},{"@type":"WebSite","@id":"https:\/\/lokalnachrichten.ch\/#website","url":"https:\/\/lokalnachrichten.ch\/","name":"Lokal Nachrichten","description":"","publisher":{"@id":"https:\/\/lokalnachrichten.ch\/#organization"},"potentialAction":[{"@type":"SearchAction","target":{"@type":"EntryPoint","urlTemplate":"https:\/\/lokalnachrichten.ch\/?s={search_term_string}"},"query-input":"required name=search_term_string"}],"inLanguage":"de"},{"@type":"Organization","@id":"https:\/\/lokalnachrichten.ch\/#organization","name":"Lokal Nachrichten","url":"https:\/\/lokalnachrichten.ch\/","logo":{"@type":"ImageObject","inLanguage":"de","@id":"https:\/\/lokalnachrichten.ch\/#\/schema\/logo\/image\/","url":"https:\/\/lokalnachrichten.ch\/wp-content\/uploads\/2023\/08\/cropped-Zeitungstitel_aktuell_rgb-scaled-1.jpg","contentUrl":"https:\/\/lokalnachrichten.ch\/wp-content\/uploads\/2023\/08\/cropped-Zeitungstitel_aktuell_rgb-scaled-1.jpg","width":2560,"height":544,"caption":"Lokal Nachrichten"},"image":{"@id":"https:\/\/lokalnachrichten.ch\/#\/schema\/logo\/image\/"}}]}},"_links":{"self":[{"href":"https:\/\/lokalnachrichten.ch\/index.php?rest_route=\/wp\/v2\/pages\/30"}],"collection":[{"href":"https:\/\/lokalnachrichten.ch\/index.php?rest_route=\/wp\/v2\/pages"}],"about":[{"href":"https:\/\/lokalnachrichten.ch\/index.php?rest_route=\/wp\/v2\/types\/page"}],"author":[{"embeddable":true,"href":"https:\/\/lokalnachrichten.ch\/index.php?rest_route=\/wp\/v2\/users\/1"}],"replies":[{"embeddable":true,"href":"https:\/\/lokalnachrichten.ch\/index.php?rest_route=%2Fwp%2Fv2%2Fcomments&post=30"}],"version-history":[{"count":332,"href":"https:\/\/lokalnachrichten.ch\/index.php?rest_route=\/wp\/v2\/pages\/30\/revisions"}],"predecessor-version":[{"id":1879,"href":"https:\/\/lokalnachrichten.ch\/index.php?rest_route=\/wp\/v2\/pages\/30\/revisions\/1879"}],"wp:attachment":[{"href":"https:\/\/lokalnachrichten.ch\/index.php?rest_route=%2Fwp%2Fv2%2Fmedia&parent=30"}],"curies":[{"name":"wp","href":"https:\/\/api.w.org\/{rel}","templated":true}]}}